{"id":412,"date":"2025-09-02T09:54:50","date_gmt":"2025-09-02T07:54:50","guid":{"rendered":"https:\/\/orthowesseling.de\/?page_id=412"},"modified":"2025-09-12T02:44:54","modified_gmt":"2025-09-12T00:44:54","slug":"leistungen","status":"publish","type":"page","link":"https:\/\/orthowesseling.de\/index.php\/leistungen\/","title":{"rendered":"Leistungen"},"content":{"rendered":"\t\t<div data-elementor-type=\"wp-page\" data-elementor-id=\"412\" class=\"elementor elementor-412\" data-elementor-post-type=\"page\">\n\t\t\t\t<div class=\"elementor-element elementor-element-18c6aab e-flex e-con-boxed e-con e-parent\" data-id=\"18c6aab\" data-element_type=\"container\" data-e-type=\"container\" data-settings=\"{&quot;background_background&quot;:&quot;classic&quot;}\">\n\t\t\t\t\t<div class=\"e-con-inner\">\n\t\t\t\t<div class=\"elementor-element elementor-element-2ac6a57 elementor-absolute elementor-hidden-mobile elementor-widget elementor-widget-image\" data-id=\"2ac6a57\" data-element_type=\"widget\" data-e-type=\"widget\" data-settings=\"{&quot;_position&quot;:&quot;absolute&quot;}\" data-widget_type=\"image.default\">\n\t\t\t\t\t\t\t\t\t\t\t\t\t\t\t<img fetchpriority=\"high\" decoding=\"async\" width=\"531\" height=\"531\" src=\"https:\/\/orthowesseling.de\/wp-content\/uploads\/2025\/09\/kreis-viertel-dunkelblau.png\" class=\"attachment-full size-full wp-image-416\" alt=\"\" srcset=\"https:\/\/orthowesseling.de\/wp-content\/uploads\/2025\/09\/kreis-viertel-dunkelblau.png 531w, https:\/\/orthowesseling.de\/wp-content\/uploads\/2025\/09\/kreis-viertel-dunkelblau-300x300.png 300w, https:\/\/orthowesseling.de\/wp-content\/uploads\/2025\/09\/kreis-viertel-dunkelblau-150x150.png 150w\" sizes=\"(max-width: 531px) 100vw, 531px\" \/>\t\t\t\t\t\t\t\t\t\t\t\t\t\t\t<\/div>\n\t\t<div class=\"elementor-element elementor-element-f7921c7 e-flex e-con-boxed elementor-invisible e-con e-child\" data-id=\"f7921c7\" data-element_type=\"container\" data-e-type=\"container\" data-settings=\"{&quot;animation&quot;:&quot;fadeIn&quot;}\">\n\t\t\t\t\t<div class=\"e-con-inner\">\n\t\t<div class=\"elementor-element elementor-element-23d6c99 e-con-full e-flex e-con e-child\" data-id=\"23d6c99\" data-element_type=\"container\" data-e-type=\"container\">\n\t\t\t\t<div class=\"elementor-element elementor-element-5c11bab elementor-invisible elementor-widget elementor-widget-heading\" data-id=\"5c11bab\" data-element_type=\"widget\" data-e-type=\"widget\" data-settings=\"{&quot;_animation&quot;:&quot;fadeIn&quot;}\" data-widget_type=\"heading.default\">\n\t\t\t\t\t<h1 class=\"elementor-heading-title elementor-size-default\">Leistungen<\/h1>\t\t\t\t<\/div>\n\t\t\t\t<div class=\"elementor-element elementor-element-3429b85 elementor-widget-divider--view-line_icon elementor-view-default elementor-widget-divider--element-align-center elementor-invisible elementor-widget elementor-widget-divider\" data-id=\"3429b85\" data-element_type=\"widget\" data-e-type=\"widget\" data-settings=\"{&quot;_animation&quot;:&quot;fadeIn&quot;,&quot;_animation_delay&quot;:200}\" data-widget_type=\"divider.default\">\n\t\t\t\t\t\t\t<div class=\"elementor-divider\">\n\t\t\t<span class=\"elementor-divider-separator\">\n\t\t\t\t\t\t\t<div class=\"elementor-icon elementor-divider__element\">\n\t\t\t\t\t<svg aria-hidden=\"true\" class=\"e-font-icon-svg e-fas-circle\" viewBox=\"0 0 512 512\" xmlns=\"http:\/\/www.w3.org\/2000\/svg\"><path d=\"M256 8C119 8 8 119 8 256s111 248 248 248 248-111 248-248S393 8 256 8z\"><\/path><\/svg><\/div>\n\t\t\t\t\t\t<\/span>\n\t\t<\/div>\n\t\t\t\t\t\t<\/div>\n\t\t\t\t<div class=\"elementor-element elementor-element-0cac464 elementor-invisible elementor-widget elementor-widget-heading\" data-id=\"0cac464\" data-element_type=\"widget\" data-e-type=\"widget\" data-settings=\"{&quot;_animation&quot;:&quot;fadeIn&quot;,&quot;_animation_delay&quot;:300}\" data-widget_type=\"heading.default\">\n\t\t\t\t\t<h2 class=\"elementor-heading-title elementor-size-default\">Als uralte Heilkunst vor \u00fcber 3.000 Jahren<br>\nin China erfunden.<\/h2>\t\t\t\t<\/div>\n\t\t\t\t<\/div>\n\t\t\t\t\t<\/div>\n\t\t\t\t<\/div>\n\t\t\t\t\t<\/div>\n\t\t\t\t<\/div>\n\t\t<div class=\"elementor-element elementor-element-9f2e8a4 e-flex e-con-boxed e-con e-parent\" data-id=\"9f2e8a4\" data-element_type=\"container\" data-e-type=\"container\" data-settings=\"{&quot;background_background&quot;:&quot;classic&quot;}\">\n\t\t\t\t\t<div class=\"e-con-inner\">\n\t\t<div class=\"elementor-element elementor-element-6e0c25c e-flex e-con-boxed elementor-invisible e-con e-child\" data-id=\"6e0c25c\" data-element_type=\"container\" data-e-type=\"container\" data-settings=\"{&quot;animation&quot;:&quot;fadeIn&quot;}\">\n\t\t\t\t\t<div class=\"e-con-inner\">\n\t\t<div class=\"elementor-element elementor-element-a2cfc2a e-con-full e-flex e-con e-child\" data-id=\"a2cfc2a\" data-element_type=\"container\" data-e-type=\"container\">\n\t\t\t\t<div class=\"elementor-element elementor-element-bd4913e elementor-invisible elementor-widget elementor-widget-heading\" data-id=\"bd4913e\" data-element_type=\"widget\" data-e-type=\"widget\" data-settings=\"{&quot;_animation&quot;:&quot;fadeIn&quot;}\" data-widget_type=\"heading.default\">\n\t\t\t\t\t<h2 class=\"elementor-heading-title elementor-size-default\">Akupunktur hat heute in der Medizien ihren festen Platz unter den wissenschaftlich belegten Behandlungsmethoden.<\/h2>\t\t\t\t<\/div>\n\t\t\t\t<div class=\"elementor-element elementor-element-7b8b417 elementor-invisible elementor-widget elementor-widget-image\" data-id=\"7b8b417\" data-element_type=\"widget\" data-e-type=\"widget\" data-settings=\"{&quot;_animation&quot;:&quot;fadeIn&quot;}\" data-widget_type=\"image.default\">\n\t\t\t\t\t\t\t\t\t\t\t\t\t\t\t<img decoding=\"async\" width=\"800\" height=\"534\" src=\"https:\/\/orthowesseling.de\/wp-content\/uploads\/2025\/09\/leistungen-akupunktur-1-dr-jurgan-e801d92e.webp\" class=\"attachment-large size-large wp-image-426\" alt=\"\" srcset=\"https:\/\/orthowesseling.de\/wp-content\/uploads\/2025\/09\/leistungen-akupunktur-1-dr-jurgan-e801d92e.webp 1024w, https:\/\/orthowesseling.de\/wp-content\/uploads\/2025\/09\/leistungen-akupunktur-1-dr-jurgan-e801d92e-300x200.webp 300w, https:\/\/orthowesseling.de\/wp-content\/uploads\/2025\/09\/leistungen-akupunktur-1-dr-jurgan-e801d92e-768x512.webp 768w\" sizes=\"(max-width: 800px) 100vw, 800px\" \/>\t\t\t\t\t\t\t\t\t\t\t\t\t\t\t<\/div>\n\t\t\t\t<div class=\"elementor-element elementor-element-848796c elementor-invisible elementor-widget elementor-widget-text-editor\" data-id=\"848796c\" data-element_type=\"widget\" data-e-type=\"widget\" data-settings=\"{&quot;_animation&quot;:&quot;fadeIn&quot;}\" data-widget_type=\"text-editor.default\">\n\t\t\t\t\t\t\t\t\t<p>n den Anf\u00e4ngen der Akupunktur besa\u00dfen auch die Chinesen keine Nadeln. Die Akupunktur ist bekannterma\u00dfen eine uralte medizinische Heilkunst, vor \u00fcber 5000 Jahren in China erfunden. Damals besa\u00dfen auch die Chinesen keine Nadeln und haben spitze Gegenst\u00e4nde auf bestimmte K\u00f6rperareale gedr\u00fcckt, um Schmerzen zu lindern und Krankheiten zu behandeln.<\/p><p>Erst im 17. Jahrhundert gelangte die Akupunktur \u00fcber Missionare in die westliche Welt. Seit etwa 100 Jahren ist die Akupunktur auch bei uns fest etabliert und z\u00e4hlt dank ihrer \u00fcberzeugenden Therapieerfolge praktisch ohne Nebenwirkungen \u2013 bei korrekter Indikationsstellung und Anwendung \u2013 zu den beliebtesten Behandlungsformen bei Patienten und \u00c4rzten gleicherma\u00dfen.<\/p><p>Dabei kann Akupunktur allein oder auch hervorragend in Kombination mit unserer westlichen Schulmedizin eingesetzt werden.<\/p>\t\t\t\t\t\t\t\t<\/div>\n\t\t\t\t<\/div>\n\t\t\t\t\t<\/div>\n\t\t\t\t<\/div>\n\t\t\t\t\t<\/div>\n\t\t\t\t<\/div>\n\t\t<div class=\"elementor-element elementor-element-2030d901 e-flex e-con-boxed e-con e-parent\" data-id=\"2030d901\" data-element_type=\"container\" data-e-type=\"container\" data-settings=\"{&quot;background_background&quot;:&quot;classic&quot;}\">\n\t\t\t\t\t<div class=\"e-con-inner\">\n\t\t<div class=\"elementor-element elementor-element-2896fbab e-con-full e-flex e-con e-child\" data-id=\"2896fbab\" data-element_type=\"container\" data-e-type=\"container\">\n\t\t<div class=\"elementor-element elementor-element-5aa26f32 e-con-full e-flex e-con e-child\" data-id=\"5aa26f32\" data-element_type=\"container\" data-e-type=\"container\">\n\t\t\t\t<div class=\"elementor-element elementor-element-19d7bf4 elementor-invisible elementor-widget elementor-widget-heading\" data-id=\"19d7bf4\" data-element_type=\"widget\" data-e-type=\"widget\" data-settings=\"{&quot;_animation&quot;:&quot;fadeIn&quot;}\" data-widget_type=\"heading.default\">\n\t\t\t\t\t<h2 class=\"elementor-heading-title elementor-size-default\">weitere Leistungen<br>\nunserer Praxis<\/h2>\t\t\t\t<\/div>\n\t\t\t\t<div class=\"elementor-element elementor-element-d187e44 elementor-invisible elementor-widget elementor-widget-global elementor-global-466 elementor-widget-nav-menu\" data-id=\"d187e44\" data-element_type=\"widget\" data-e-type=\"widget\" data-settings=\"{&quot;layout&quot;:&quot;dropdown&quot;,&quot;_animation&quot;:&quot;fadeIn&quot;,&quot;submenu_icon&quot;:{&quot;value&quot;:&quot;fas fa-caret-down&quot;,&quot;library&quot;:&quot;fa-solid&quot;}}\" data-widget_type=\"nav-menu.default\">\n\t\t\t\t\t\t\t\t<nav class=\"elementor-nav-menu--dropdown elementor-nav-menu__container\" aria-hidden=\"true\">\n\t\t\t\t<ul id=\"menu-2-d187e44\" class=\"elementor-nav-menu\"><li class=\"menu-item menu-item-type-post_type menu-item-object-page menu-item-540\"><a href=\"https:\/\/orthowesseling.de\/index.php\/leistungen\/akupunktur\/\" class=\"elementor-item\" tabindex=\"-1\">Akupunktur<\/a><\/li>\n<li class=\"menu-item menu-item-type-post_type menu-item-object-page menu-item-541\"><a href=\"https:\/\/orthowesseling.de\/index.php\/leistungen\/biologische-verfahren-acp\/\" class=\"elementor-item\" tabindex=\"-1\">Biologische Verfahren (ACP)<\/a><\/li>\n<li class=\"menu-item menu-item-type-post_type menu-item-object-page menu-item-542\"><a href=\"https:\/\/orthowesseling.de\/index.php\/leistungen\/chirotherapie-manuelle-therapie\/\" class=\"elementor-item\" tabindex=\"-1\">Chirotherapie, Manuelle Therapie<\/a><\/li>\n<li class=\"menu-item menu-item-type-post_type menu-item-object-page menu-item-543\"><a href=\"https:\/\/orthowesseling.de\/index.php\/leistungen\/durchgangsarzt\/\" class=\"elementor-item\" tabindex=\"-1\">Durchgangsarzt<\/a><\/li>\n<li class=\"menu-item menu-item-type-post_type menu-item-object-page menu-item-544\"><a href=\"https:\/\/orthowesseling.de\/index.php\/leistungen\/hyaluronsaure-injektion\/\" class=\"elementor-item\" tabindex=\"-1\">Hyalurons\u00e4ure-Injektion<\/a><\/li>\n<li class=\"menu-item menu-item-type-post_type menu-item-object-page menu-item-545\"><a href=\"https:\/\/orthowesseling.de\/index.php\/leistungen\/lasertherapie\/\" class=\"elementor-item\" tabindex=\"-1\">Lasertherapie<\/a><\/li>\n<li class=\"menu-item menu-item-type-post_type menu-item-object-page menu-item-546\"><a href=\"https:\/\/orthowesseling.de\/index.php\/leistungen\/osteoporose\/\" class=\"elementor-item\" tabindex=\"-1\">Osteoporose<\/a><\/li>\n<li class=\"menu-item menu-item-type-post_type menu-item-object-page menu-item-547\"><a href=\"https:\/\/orthowesseling.de\/index.php\/leistungen\/stoswellentherapie\/\" class=\"elementor-item\" tabindex=\"-1\">Sto\u00dfwellentherapie<\/a><\/li>\n<\/ul>\t\t\t<\/nav>\n\t\t\t\t\t\t<\/div>\n\t\t\t\t<\/div>\n\t\t<div class=\"elementor-element elementor-element-6b3699c9 e-con-full e-flex e-con e-child\" data-id=\"6b3699c9\" data-element_type=\"container\" data-e-type=\"container\" data-settings=\"{&quot;background_background&quot;:&quot;classic&quot;}\">\n\t\t\t\t<div class=\"elementor-element elementor-element-672c3d79 elementor-absolute elementor-hidden-mobile elementor-widget elementor-widget-image\" data-id=\"672c3d79\" data-element_type=\"widget\" data-e-type=\"widget\" data-settings=\"{&quot;_position&quot;:&quot;absolute&quot;}\" data-widget_type=\"image.default\">\n\t\t\t\t\t\t\t\t\t\t\t\t\t\t\t<img decoding=\"async\" width=\"700\" height=\"682\" src=\"https:\/\/orthowesseling.de\/wp-content\/uploads\/2025\/09\/icon-orthopaedie-dr-jurgan.png\" class=\"attachment-full size-full wp-image-13\" alt=\"\" srcset=\"https:\/\/orthowesseling.de\/wp-content\/uploads\/2025\/09\/icon-orthopaedie-dr-jurgan.png 700w, https:\/\/orthowesseling.de\/wp-content\/uploads\/2025\/09\/icon-orthopaedie-dr-jurgan-300x292.png 300w\" sizes=\"(max-width: 700px) 100vw, 700px\" \/>\t\t\t\t\t\t\t\t\t\t\t\t\t\t\t<\/div>\n\t\t\t\t<div class=\"elementor-element elementor-element-37fbde5b elementor-view-default elementor-position-block-start elementor-mobile-position-block-start elementor-invisible elementor-widget elementor-widget-icon-box\" data-id=\"37fbde5b\" data-element_type=\"widget\" data-e-type=\"widget\" data-settings=\"{&quot;_animation&quot;:&quot;fadeIn&quot;}\" data-widget_type=\"icon-box.default\">\n\t\t\t\t\t\t\t<div class=\"elementor-icon-box-wrapper\">\n\n\t\t\t\t\t\t<div class=\"elementor-icon-box-icon\">\n\t\t\t\t<span  class=\"elementor-icon\">\n\t\t\t\t<svg aria-hidden=\"true\" class=\"e-font-icon-svg e-far-envelope\" viewBox=\"0 0 512 512\" xmlns=\"http:\/\/www.w3.org\/2000\/svg\"><path d=\"M464 64H48C21.49 64 0 85.49 0 112v288c0 26.51 21.49 48 48 48h416c26.51 0 48-21.49 48-48V112c0-26.51-21.49-48-48-48zm0 48v40.805c-22.422 18.259-58.168 46.651-134.587 106.49-16.841 13.247-50.201 45.072-73.413 44.701-23.208.375-56.579-31.459-73.413-44.701C106.18 199.465 70.425 171.067 48 152.805V112h416zM48 400V214.398c22.914 18.251 55.409 43.862 104.938 82.646 21.857 17.205 60.134 55.186 103.062 54.955 42.717.231 80.509-37.199 103.053-54.947 49.528-38.783 82.032-64.401 104.947-82.653V400H48z\"><\/path><\/svg>\t\t\t\t<\/span>\n\t\t\t<\/div>\n\t\t\t\n\t\t\t\t\t\t<div class=\"elementor-icon-box-content\">\n\n\t\t\t\t\t\t\t\t\t<h3 class=\"elementor-icon-box-title\">\n\t\t\t\t\t\t<span  >\n\t\t\t\t\t\t\tonline Termin <br>vereinbaren\t\t\t\t\t\t<\/span>\n\t\t\t\t\t<\/h3>\n\t\t\t\t\n\t\t\t\t\n\t\t\t<\/div>\n\t\t\t\n\t\t<\/div>\n\t\t\t\t\t\t<\/div>\n\t\t\t\t<div class=\"elementor-element elementor-element-06603ff elementor-mobile-align-center elementor-invisible elementor-widget elementor-widget-global elementor-global-472 elementor-widget-button\" data-id=\"06603ff\" data-element_type=\"widget\" data-e-type=\"widget\" data-settings=\"{&quot;_animation&quot;:&quot;fadeIn&quot;}\" data-widget_type=\"button.default\">\n\t\t\t\t\t\t\t\t\t\t<a class=\"elementor-button elementor-button-link elementor-size-sm\" href=\"https:\/\/www.doctolib.de\/einzelpraxis\/wesseling\/orthopaedie-dr-thomas-jurgan\" target=\"_blank\">\n\t\t\t\t\t\t<span class=\"elementor-button-content-wrapper\">\n\t\t\t\t\t\t<span class=\"elementor-button-icon\">\n\t\t\t\t<svg aria-hidden=\"true\" class=\"e-font-icon-svg e-far-calendar\" viewBox=\"0 0 448 512\" xmlns=\"http:\/\/www.w3.org\/2000\/svg\"><path d=\"M400 64h-48V12c0-6.6-5.4-12-12-12h-40c-6.6 0-12 5.4-12 12v52H160V12c0-6.6-5.4-12-12-12h-40c-6.6 0-12 5.4-12 12v52H48C21.5 64 0 85.5 0 112v352c0 26.5 21.5 48 48 48h352c26.5 0 48-21.5 48-48V112c0-26.5-21.5-48-48-48zm-6 400H54c-3.3 0-6-2.7-6-6V160h352v298c0 3.3-2.7 6-6 6z\"><\/path><\/svg>\t\t\t<\/span>\n\t\t\t\t\t\t\t\t\t<span class=\"elementor-button-text\">buchen<\/span>\n\t\t\t\t\t<\/span>\n\t\t\t\t\t<\/a>\n\t\t\t\t\t\t\t\t<\/div>\n\t\t\t\t<\/div>\n\t\t\t\t<\/div>\n\t\t\t\t\t<\/div>\n\t\t\t\t<\/div>\n\t\t\t\t<\/div>\n\t\t","protected":false},"excerpt":{"rendered":"<p>Als uralte Heilkunst vor \u00fcber 3.000 Jahren in China erfunden. Akupunktur hat heute in der Medizien ihren festen Platz unter den wissenschaftlich belegten Behandlungsmethoden. n den Anf\u00e4ngen der Akupunktur besa\u00dfen auch die Chinesen keine Nadeln. Die Akupunktur ist bekannterma\u00dfen eine uralte medizinische Heilkunst, vor \u00fcber 5000 Jahren in China erfunden. Damals besa\u00dfen auch die Chinesen [&hellip;]<\/p>\n","protected":false},"author":1,"featured_media":0,"parent":0,"menu_order":0,"comment_status":"closed","ping_status":"closed","template":"elementor_header_footer","meta":{"footnotes":""},"class_list":["post-412","page","type-page","status-publish","hentry"],"_links":{"self":[{"href":"https:\/\/orthowesseling.de\/index.php\/wp-json\/wp\/v2\/pages\/412","targetHints":{"allow":["GET"]}}],"collection":[{"href":"https:\/\/orthowesseling.de\/index.php\/wp-json\/wp\/v2\/pages"}],"about":[{"href":"https:\/\/orthowesseling.de\/index.php\/wp-json\/wp\/v2\/types\/page"}],"author":[{"embeddable":true,"href":"https:\/\/orthowesseling.de\/index.php\/wp-json\/wp\/v2\/users\/1"}],"replies":[{"embeddable":true,"href":"https:\/\/orthowesseling.de\/index.php\/wp-json\/wp\/v2\/comments?post=412"}],"version-history":[{"count":47,"href":"https:\/\/orthowesseling.de\/index.php\/wp-json\/wp\/v2\/pages\/412\/revisions"}],"predecessor-version":[{"id":570,"href":"https:\/\/orthowesseling.de\/index.php\/wp-json\/wp\/v2\/pages\/412\/revisions\/570"}],"wp:attachment":[{"href":"https:\/\/orthowesseling.de\/index.php\/wp-json\/wp\/v2\/media?parent=412"}],"curies":[{"name":"wp","href":"https:\/\/api.w.org\/{rel}","templated":true}]}}