{"id":336,"date":"2025-09-02T08:27:13","date_gmt":"2025-09-02T06:27:13","guid":{"rendered":"https:\/\/orthowesseling.de\/?page_id=336"},"modified":"2025-09-02T08:32:28","modified_gmt":"2025-09-02T06:32:28","slug":"impressum","status":"publish","type":"page","link":"https:\/\/orthowesseling.de\/index.php\/impressum\/","title":{"rendered":"Impressum"},"content":{"rendered":"\t\t<div data-elementor-type=\"wp-page\" data-elementor-id=\"336\" class=\"elementor elementor-336\" data-elementor-post-type=\"page\">\n\t\t\t\t<div class=\"elementor-element elementor-element-ef4a31a e-flex e-con-boxed e-con e-parent\" data-id=\"ef4a31a\" data-element_type=\"container\" data-e-type=\"container\" data-settings=\"{&quot;background_background&quot;:&quot;classic&quot;}\">\n\t\t\t\t\t<div class=\"e-con-inner\">\n\t\t<div class=\"elementor-element elementor-element-6556011 e-con-full e-flex e-con e-child\" data-id=\"6556011\" data-element_type=\"container\" data-e-type=\"container\">\n\t\t\t\t<div class=\"elementor-element elementor-element-da12fde elementor-widget elementor-widget-heading\" data-id=\"da12fde\" data-element_type=\"widget\" data-e-type=\"widget\" data-widget_type=\"heading.default\">\n\t\t\t\t\t<h1 class=\"elementor-heading-title elementor-size-default\">Impressum<\/h1>\t\t\t\t<\/div>\n\t\t\t\t<div class=\"elementor-element elementor-element-340c331 elementor-widget elementor-widget-text-editor\" data-id=\"340c331\" data-element_type=\"widget\" data-e-type=\"widget\" data-widget_type=\"text-editor.default\">\n\t\t\t\t\t\t\t\t\t<h2>Angaben gem\u00e4\u00df \u00a7 5 TMG<\/h2><p>Dr. Thomas Jurgan<br \/>Praxis f\u00fcr Orthop\u00e4die &amp; Unfallchirurgie<br \/>Flach-Fengler-Stra\u00dfe 120<br \/>50389 Wesseling<\/p><h2>Kontakt<\/h2><p>Telefon: +49 (0) 2236 420 03<br \/>Telefax: +49 (0) 2236 949 069<br \/>E-Mail:\u00a0<a href=\"mailto:info@orthowesseling.de\">info@orthowesseling.de<\/a><br \/><br \/><\/p><p class=\"p1\"><b>Realisierung Webseite<\/b><\/p><p class=\"p2\">Webdesign und Webentwicklung von quadrate.media<\/p><p class=\"p2\">Mail: kontakt(a)quadrate.media<br \/><a href=\"https:\/\/www.niederduerenbach.de\/quadrate.media\"><span class=\"s1\">https:\/\/www.quadrate.media<\/span><\/a><\/p><h2>Aufsichtsbeh\u00f6rde<\/h2><p>Kassen\u00e4rztliche Vereinigung Nordrhein<br \/>Hauptstelle<br \/>Tersteegenstr. 9<br \/>40474 D\u00fcsseldorf<br \/><br \/>Bezirkstelle Erftkreis<br \/>Sedanstr. 10<br \/>50668 K\u00f6ln<\/p><p><a href=\"https:\/\/www.kvno.de\/\" target=\"_blank\" rel=\"noopener noreferrer\">https:\/\/www.kvno.de\/<\/a><\/p><h2>Berufsbezeichnung und berufsrechtliche Regelungen<\/h2><p>Berufsbezeichnung:<br \/>Arzt (Alle Titel verliehen in der Bundesrepublik Deutschland)<\/p><p>Zust\u00e4ndige Kammer:<br \/>Landes\u00e4rztekammer Nordrhein<br \/>Tersteegenstr. 9<br \/>40474 D\u00fcsseldorf<\/p><p>Verliehen in:<br \/>Deutschland<\/p><p>Es gelten folgende berufsrechtliche Regelungen:<\/p><p>Berufsordnung der \u00c4rztekammer Nordrhein<br \/>einsehbar unter:\u00a0<a href=\"https:\/\/www.aekno.de\/aerzte\/berufsordnung\" target=\"_blank\" rel=\"noopener noreferrer\">https:\/\/www.aekno.de\/aerzte\/berufsordnung<\/a><\/p><p>Heilberufsgesetz des Landes NRW<br \/>einsehbar unter:\u00a0<a href=\"https:\/\/recht.nrw.de\/lmi\/owa\/br_text_anzeigen?v_id=10000000000000000065\" target=\"_blank\" rel=\"noopener noreferrer\">https:\/\/recht.nrw.de\/lmi\/owa\/br_text_anzeigen?v_id=10000000000000000065<\/a><\/p><h2>Angaben zur Berufs\u00adhaftpflicht\u00adversicherung<\/h2><p><strong>Name und Sitz des Versicherers:<\/strong><br \/>Versicherungskammer Bayern<br \/>Maximilianstra\u00dfe 53<br \/>80530 M\u00fcnchen<\/p><p><strong>Geltungsraum der Versicherung:<\/strong><br \/>Deutschland<\/p><h2>EU-Streitschlichtung<\/h2><p>Die Europ\u00e4ische Kommission stellt eine Plattform zur Online-Streitbeilegung (OS) bereit:\u00a0<a href=\"https:\/\/ec.europa.eu\/consumers\/odr\/\" target=\"_blank\" rel=\"noopener noreferrer\">https:\/\/ec.europa.eu\/consumers\/odr\/<\/a>.<br \/>Unsere E-Mail-Adresse finden Sie oben im Impressum.<\/p><h2>Verbraucher\u00adstreit\u00adbeilegung\/Universal\u00adschlichtungs\u00adstelle<\/h2><p>Wir sind nicht bereit oder verpflichtet, an Streitbeilegungsverfahren vor einer Verbraucherschlichtungsstelle teilzunehmen.<\/p>\t\t\t\t\t\t\t\t<\/div>\n\t\t\t\t<\/div>\n\t\t\t\t\t<\/div>\n\t\t\t\t<\/div>\n\t\t\t\t<\/div>\n\t\t","protected":false},"excerpt":{"rendered":"<p>Angaben gem\u00e4\u00df \u00a7 5 TMG Dr. Thomas JurganPraxis f\u00fcr Orthop\u00e4die &amp; UnfallchirurgieFlach-Fengler-Stra\u00dfe 12050389 Wesseling Kontakt Telefon: +49 (0) 2236 420 03Telefax: +49 (0) 2236 949 069E-Mail:\u00a0info@orthowesseling.de Realisierung Webseite Webdesign und Webentwicklung von quadrate.media Mail: kontakt(a)quadrate.mediahttps:\/\/www.quadrate.media Aufsichtsbeh\u00f6rde Kassen\u00e4rztliche Vereinigung NordrheinHauptstelleTersteegenstr. 940474 D\u00fcsseldorf Bezirkstelle ErftkreisSedanstr. 1050668 K\u00f6ln https:\/\/www.kvno.de\/ Berufsbezeichnung und berufsrechtliche Regelungen Berufsbezeichnung:Arzt (Alle Titel verliehen in [&hellip;]<\/p>\n","protected":false},"author":1,"featured_media":0,"parent":0,"menu_order":0,"comment_status":"closed","ping_status":"closed","template":"elementor_header_footer","meta":{"footnotes":""},"class_list":["post-336","page","type-page","status-publish","hentry"],"_links":{"self":[{"href":"https:\/\/orthowesseling.de\/index.php\/wp-json\/wp\/v2\/pages\/336","targetHints":{"allow":["GET"]}}],"collection":[{"href":"https:\/\/orthowesseling.de\/index.php\/wp-json\/wp\/v2\/pages"}],"about":[{"href":"https:\/\/orthowesseling.de\/index.php\/wp-json\/wp\/v2\/types\/page"}],"author":[{"embeddable":true,"href":"https:\/\/orthowesseling.de\/index.php\/wp-json\/wp\/v2\/users\/1"}],"replies":[{"embeddable":true,"href":"https:\/\/orthowesseling.de\/index.php\/wp-json\/wp\/v2\/comments?post=336"}],"version-history":[{"count":7,"href":"https:\/\/orthowesseling.de\/index.php\/wp-json\/wp\/v2\/pages\/336\/revisions"}],"predecessor-version":[{"id":345,"href":"https:\/\/orthowesseling.de\/index.php\/wp-json\/wp\/v2\/pages\/336\/revisions\/345"}],"wp:attachment":[{"href":"https:\/\/orthowesseling.de\/index.php\/wp-json\/wp\/v2\/media?parent=336"}],"curies":[{"name":"wp","href":"https:\/\/api.w.org\/{rel}","templated":true}]}}