{"id":308,"date":"2025-09-02T08:01:19","date_gmt":"2025-09-02T06:01:19","guid":{"rendered":"https:\/\/orthowesseling.de\/?page_id=308"},"modified":"2025-10-03T11:37:15","modified_gmt":"2025-10-03T09:37:15","slug":"kontakt","status":"publish","type":"page","link":"https:\/\/orthowesseling.de\/index.php\/kontakt\/","title":{"rendered":"Kontakt"},"content":{"rendered":"\t\t<div data-elementor-type=\"wp-page\" data-elementor-id=\"308\" class=\"elementor elementor-308\" data-elementor-post-type=\"page\">\n\t\t\t\t<div class=\"elementor-element elementor-element-ef4a31a e-flex e-con-boxed e-con e-parent\" data-id=\"ef4a31a\" data-element_type=\"container\" data-e-type=\"container\" data-settings=\"{&quot;background_background&quot;:&quot;classic&quot;}\">\n\t\t\t\t\t<div class=\"e-con-inner\">\n\t\t<div class=\"elementor-element elementor-element-6556011 e-con-full e-flex e-con e-child\" data-id=\"6556011\" data-element_type=\"container\" data-e-type=\"container\">\n\t\t<div class=\"elementor-element elementor-element-8602542 e-con-full e-flex e-con e-child\" data-id=\"8602542\" data-element_type=\"container\" data-e-type=\"container\" data-settings=\"{&quot;background_background&quot;:&quot;classic&quot;}\">\n\t\t\t\t<div class=\"elementor-element elementor-element-7c56c3f elementor-widget elementor-widget-html\" data-id=\"7c56c3f\" data-element_type=\"widget\" data-e-type=\"widget\" data-widget_type=\"html.default\">\n\t\t\t\t\t<iframe width=\"100\" height=\"830px\"\nsrc=\"https:\/\/www.openstreetmap.org\/export\/embed.html?bbox=6.972938776016236%2C50.81865580996603%2C6.977831125259399%2C50.820994241195464&amp;layer=mapnik&amp;marker=50.81982504021859%2C6.975384950637817\" style=\"border: 1px solid black\"><\/iframe><br\/><small><a href=\"https:\/\/www.openstreetmap.org\/?mlat=50.819825&amp;mlon=6.975385#map=18\/50.819825\/6.975385\">Gr\u00f6\u00dfere Karte anzeigen<\/a><\/small>\t\t\t\t<\/div>\n\t\t\t\t<\/div>\n\t\t<div class=\"elementor-element elementor-element-12ddbda e-con-full e-flex e-con e-child\" data-id=\"12ddbda\" data-element_type=\"container\" data-e-type=\"container\" data-settings=\"{&quot;background_background&quot;:&quot;classic&quot;}\">\n\t\t\t\t<div class=\"elementor-element elementor-element-9b71e93 elementor-widget elementor-widget-image\" data-id=\"9b71e93\" data-element_type=\"widget\" data-e-type=\"widget\" data-widget_type=\"image.default\">\n\t\t\t\t\t\t\t\t\t\t\t\t\t\t\t<img fetchpriority=\"high\" decoding=\"async\" width=\"700\" height=\"682\" src=\"https:\/\/orthowesseling.de\/wp-content\/uploads\/2025\/09\/icon-orthopaedie-dr-jurgan.png\" class=\"attachment-full size-full wp-image-13\" alt=\"\" srcset=\"https:\/\/orthowesseling.de\/wp-content\/uploads\/2025\/09\/icon-orthopaedie-dr-jurgan.png 700w, https:\/\/orthowesseling.de\/wp-content\/uploads\/2025\/09\/icon-orthopaedie-dr-jurgan-300x292.png 300w\" sizes=\"(max-width: 700px) 100vw, 700px\" \/>\t\t\t\t\t\t\t\t\t\t\t\t\t\t\t<\/div>\n\t\t\t\t<div class=\"elementor-element elementor-element-3af5c02 elementor-invisible elementor-widget elementor-widget-heading\" data-id=\"3af5c02\" data-element_type=\"widget\" data-e-type=\"widget\" data-settings=\"{&quot;_animation&quot;:&quot;fadeIn&quot;}\" data-widget_type=\"heading.default\">\n\t\t\t\t\t<h2 class=\"elementor-heading-title elementor-size-default\">So erreichen Sie uns &amp; mein Team<\/h2>\t\t\t\t<\/div>\n\t\t<div class=\"elementor-element elementor-element-da16e5b e-grid e-con-full elementor-invisible e-con e-child\" data-id=\"da16e5b\" data-element_type=\"container\" data-e-type=\"container\" data-settings=\"{&quot;animation&quot;:&quot;fadeIn&quot;}\">\n\t\t<div class=\"elementor-element elementor-element-289aa2b e-con-full e-flex e-con e-child\" data-id=\"289aa2b\" data-element_type=\"container\" data-e-type=\"container\">\n\t\t\t\t<div class=\"elementor-element elementor-element-61174e5 elementor-widget elementor-widget-text-editor\" data-id=\"61174e5\" data-element_type=\"widget\" data-e-type=\"widget\" data-widget_type=\"text-editor.default\">\n\t\t\t\t\t\t\t\t\t<h3 class=\"el-title uk-h3 uk-text-primary uk-margin-top uk-margin-remove-bottom\"><span style=\"color: #009fe3;\">Addresse<\/span><\/h3><div class=\"el-content uk-panel uk-margin-small-top\"><p><span class=\"LrzXr\">Flach-Fengler-Stra\u00dfe 120<br \/>50389 Wesseling<\/span><\/p><\/div>\t\t\t\t\t\t\t\t<\/div>\n\t\t\t\t<\/div>\n\t\t<div class=\"elementor-element elementor-element-fb0fc7d e-con-full e-flex e-con e-child\" data-id=\"fb0fc7d\" data-element_type=\"container\" data-e-type=\"container\">\n\t\t\t\t<div class=\"elementor-element elementor-element-b0aeead elementor-widget elementor-widget-text-editor\" data-id=\"b0aeead\" data-element_type=\"widget\" data-e-type=\"widget\" data-widget_type=\"text-editor.default\">\n\t\t\t\t\t\t\t\t\t<h3 class=\"el-title uk-h3 uk-text-primary uk-margin-top uk-margin-remove-bottom\"><span style=\"color: #009fe3;\">E-Mail &amp; Telefon<\/span><\/h3><div class=\"el-content uk-panel uk-margin-small-top\"><p>02236 420 03<br \/><a href=\"mailto:info@orthowesseling.de\">info@orthowesseling.de<\/a><\/p><\/div>\t\t\t\t\t\t\t\t<\/div>\n\t\t\t\t<\/div>\n\t\t\t\t<\/div>\n\t\t\t\t<div class=\"elementor-element elementor-element-0b75a33 elementor-align-center elementor-mobile-align-center elementor-invisible elementor-widget elementor-widget-button\" data-id=\"0b75a33\" data-element_type=\"widget\" data-e-type=\"widget\" data-settings=\"{&quot;_animation&quot;:&quot;fadeIn&quot;}\" data-widget_type=\"button.default\">\n\t\t\t\t\t\t\t\t\t\t<a class=\"elementor-button elementor-button-link elementor-size-sm\" href=\"https:\/\/www.doctolib.de\/einzelpraxis\/wesseling\/orthopaedie-dr-thomas-jurgan\" target=\"_blank\">\n\t\t\t\t\t\t<span class=\"elementor-button-content-wrapper\">\n\t\t\t\t\t\t<span class=\"elementor-button-icon\">\n\t\t\t\t<svg aria-hidden=\"true\" class=\"e-font-icon-svg e-far-calendar\" viewBox=\"0 0 448 512\" xmlns=\"http:\/\/www.w3.org\/2000\/svg\"><path d=\"M400 64h-48V12c0-6.6-5.4-12-12-12h-40c-6.6 0-12 5.4-12 12v52H160V12c0-6.6-5.4-12-12-12h-40c-6.6 0-12 5.4-12 12v52H48C21.5 64 0 85.5 0 112v352c0 26.5 21.5 48 48 48h352c26.5 0 48-21.5 48-48V112c0-26.5-21.5-48-48-48zm-6 400H54c-3.3 0-6-2.7-6-6V160h352v298c0 3.3-2.7 6-6 6z\"><\/path><\/svg>\t\t\t<\/span>\n\t\t\t\t\t\t\t\t\t<span class=\"elementor-button-text\">Termin vereinbaren<\/span>\n\t\t\t\t\t<\/span>\n\t\t\t\t\t<\/a>\n\t\t\t\t\t\t\t\t<\/div>\n\t\t\t\t<\/div>\n\t\t\t\t<\/div>\n\t\t\t\t\t<\/div>\n\t\t\t\t<\/div>\n\t\t\t\t<\/div>\n\t\t","protected":false},"excerpt":{"rendered":"<p>Gr\u00f6\u00dfere Karte anzeigen So erreichen Sie uns &amp; mein Team Addresse Flach-Fengler-Stra\u00dfe 12050389 Wesseling E-Mail &amp; Telefon 02236 420 03info@orthowesseling.de Termin vereinbaren<\/p>\n","protected":false},"author":1,"featured_media":0,"parent":0,"menu_order":0,"comment_status":"closed","ping_status":"closed","template":"elementor_header_footer","meta":{"footnotes":""},"class_list":["post-308","page","type-page","status-publish","hentry"],"_links":{"self":[{"href":"https:\/\/orthowesseling.de\/index.php\/wp-json\/wp\/v2\/pages\/308","targetHints":{"allow":["GET"]}}],"collection":[{"href":"https:\/\/orthowesseling.de\/index.php\/wp-json\/wp\/v2\/pages"}],"about":[{"href":"https:\/\/orthowesseling.de\/index.php\/wp-json\/wp\/v2\/types\/page"}],"author":[{"embeddable":true,"href":"https:\/\/orthowesseling.de\/index.php\/wp-json\/wp\/v2\/users\/1"}],"replies":[{"embeddable":true,"href":"https:\/\/orthowesseling.de\/index.php\/wp-json\/wp\/v2\/comments?post=308"}],"version-history":[{"count":46,"href":"https:\/\/orthowesseling.de\/index.php\/wp-json\/wp\/v2\/pages\/308\/revisions"}],"predecessor-version":[{"id":678,"href":"https:\/\/orthowesseling.de\/index.php\/wp-json\/wp\/v2\/pages\/308\/revisions\/678"}],"wp:attachment":[{"href":"https:\/\/orthowesseling.de\/index.php\/wp-json\/wp\/v2\/media?parent=308"}],"curies":[{"name":"wp","href":"https:\/\/api.w.org\/{rel}","templated":true}]}}